{"id":12,"date":"2019-11-27T19:01:27","date_gmt":"2019-11-27T19:01:27","guid":{"rendered":"https:\/\/meripaivarinne.fi\/?page_id=12"},"modified":"2025-12-03T12:31:39","modified_gmt":"2025-12-03T12:31:39","slug":"tietoja","status":"publish","type":"page","link":"https:\/\/meripaivarinne.fi\/?page_id=12","title":{"rendered":"Tietoja"},"content":{"rendered":"<p>K\u00e4\u00e4nn\u00f6spalvelu Meri P\u00e4iv\u00e4rinne tmi<\/p>\n<p>Perustettu 14.5.2007<\/p>\n<p>Y-tunnus 2116068-7<\/p>\n<p>Osoite:<\/p>\n<p>Pitk\u00e4nsillanranta 15 A 11-12<\/p>\n<p>00530 Helsinki<\/p>\n<p>puhelin 050 5424607<\/p>\n<p>s\u00e4hk\u00f6posti meri(a)meripaivarinne.fi<\/p>\n<p><a href=\"https:\/\/www.facebook.com\/K\u00e4\u00e4nn\u00f6spalvelu-Meri-P\u00e4iv\u00e4rinne-111756657618010\" target=\"_blank\" rel=\"noopener\"><br \/>\nFacebook<br \/>\n<\/a><\/p>\n","protected":false},"excerpt":{"rendered":"<p>K\u00e4\u00e4nn\u00f6spalvelu Meri P\u00e4iv\u00e4rinne tmi Perustettu 14.5.2007 Y-tunnus 2116068-7 Osoite: Pitk\u00e4nsillanranta 15 A 11-12 00530 Helsinki puhelin 050 5424607 s\u00e4hk\u00f6posti meri(a)meripaivarinne.fi Facebook<\/p>\n","protected":false},"author":1,"featured_media":0,"parent":0,"menu_order":0,"comment_status":"closed","ping_status":"closed","template":"","meta":{"footnotes":""},"class_list":["post-12","page","type-page","status-publish","hentry"],"_links":{"self":[{"href":"https:\/\/meripaivarinne.fi\/index.php?rest_route=\/wp\/v2\/pages\/12","targetHints":{"allow":["GET"]}}],"collection":[{"href":"https:\/\/meripaivarinne.fi\/index.php?rest_route=\/wp\/v2\/pages"}],"about":[{"href":"https:\/\/meripaivarinne.fi\/index.php?rest_route=\/wp\/v2\/types\/page"}],"author":[{"embeddable":true,"href":"https:\/\/meripaivarinne.fi\/index.php?rest_route=\/wp\/v2\/users\/1"}],"replies":[{"embeddable":true,"href":"https:\/\/meripaivarinne.fi\/index.php?rest_route=%2Fwp%2Fv2%2Fcomments&post=12"}],"version-history":[{"count":13,"href":"https:\/\/meripaivarinne.fi\/index.php?rest_route=\/wp\/v2\/pages\/12\/revisions"}],"predecessor-version":[{"id":177,"href":"https:\/\/meripaivarinne.fi\/index.php?rest_route=\/wp\/v2\/pages\/12\/revisions\/177"}],"wp:attachment":[{"href":"https:\/\/meripaivarinne.fi\/index.php?rest_route=%2Fwp%2Fv2%2Fmedia&parent=12"}],"curies":[{"name":"wp","href":"https:\/\/api.w.org\/{rel}","templated":true}]}}