{"id":2,"date":"2019-11-27T13:25:57","date_gmt":"2019-11-27T13:25:57","guid":{"rendered":"https:\/\/meripaivarinne.fi\/?page_id=2"},"modified":"2021-03-07T14:08:43","modified_gmt":"2021-03-07T14:08:43","slug":"sample-page","status":"publish","type":"page","link":"https:\/\/meripaivarinne.fi\/","title":{"rendered":"K\u00e4\u00e4nn\u00f6spalvelu"},"content":{"rendered":"\t\t<div data-elementor-type=\"wp-page\" data-elementor-id=\"2\" class=\"elementor elementor-2\">\n\t\t\t\t\t\t<section class=\"elementor-section elementor-top-section elementor-element elementor-element-362b495d elementor-section-boxed elementor-section-height-default elementor-section-height-default\" data-id=\"362b495d\" data-element_type=\"section\" data-e-type=\"section\">\n\t\t\t\t\t\t<div class=\"elementor-container elementor-column-gap-default\">\n\t\t\t\t\t<div class=\"elementor-column elementor-col-100 elementor-top-column elementor-element elementor-element-2b45c87d\" data-id=\"2b45c87d\" data-element_type=\"column\" data-e-type=\"column\">\n\t\t\t<div class=\"elementor-widget-wrap elementor-element-populated\">\n\t\t\t\t\t\t<div class=\"elementor-element elementor-element-4178160 elementor-widget elementor-widget-heading\" data-id=\"4178160\" data-element_type=\"widget\" data-e-type=\"widget\" data-widget_type=\"heading.default\">\n\t\t\t\t<div class=\"elementor-widget-container\">\n\t\t\t\t\t<h2 class=\"elementor-heading-title elementor-size-default\">K\u00e4\u00e4nn\u00f6kset, oikoluku, tulkkaus<\/h2>\t\t\t\t<\/div>\n\t\t\t\t<\/div>\n\t\t\t\t\t<\/div>\n\t\t<\/div>\n\t\t\t\t\t<\/div>\n\t\t<\/section>\n\t\t\t\t<section class=\"elementor-section elementor-top-section elementor-element elementor-element-6344423 elementor-section-boxed elementor-section-height-default elementor-section-height-default\" data-id=\"6344423\" data-element_type=\"section\" data-e-type=\"section\">\n\t\t\t\t\t\t<div class=\"elementor-container elementor-column-gap-default\">\n\t\t\t\t\t<div class=\"elementor-column elementor-col-100 elementor-top-column elementor-element elementor-element-30e9dbb\" data-id=\"30e9dbb\" data-element_type=\"column\" data-e-type=\"column\">\n\t\t\t<div class=\"elementor-widget-wrap\">\n\t\t\t\t\t\t\t<\/div>\n\t\t<\/div>\n\t\t\t\t\t<\/div>\n\t\t<\/section>\n\t\t\t\t<section class=\"elementor-section elementor-top-section elementor-element elementor-element-dd54ef4 elementor-section-boxed elementor-section-height-default elementor-section-height-default\" data-id=\"dd54ef4\" data-element_type=\"section\" data-e-type=\"section\">\n\t\t\t\t\t\t<div class=\"elementor-container elementor-column-gap-default\">\n\t\t\t\t\t<div class=\"elementor-column elementor-col-100 elementor-top-column elementor-element elementor-element-f18dce3\" data-id=\"f18dce3\" data-element_type=\"column\" data-e-type=\"column\">\n\t\t\t<div class=\"elementor-widget-wrap elementor-element-populated\">\n\t\t\t\t\t\t<div class=\"elementor-element elementor-element-7121db3 elementor-widget elementor-widget-image\" data-id=\"7121db3\" data-element_type=\"widget\" data-e-type=\"widget\" data-widget_type=\"image.default\">\n\t\t\t\t<div class=\"elementor-widget-container\">\n\t\t\t\t\t\t\t\t\t\t\t\t\t\t\t<img fetchpriority=\"high\" decoding=\"async\" width=\"525\" height=\"573\" src=\"https:\/\/meripaivarinne.fi\/wp-content\/uploads\/2020\/09\/Meri_KatriinaHaikala_2019_2-938x1024.jpg\" class=\"attachment-large size-large wp-image-28\" alt=\"\" srcset=\"https:\/\/meripaivarinne.fi\/wp-content\/uploads\/2020\/09\/Meri_KatriinaHaikala_2019_2-938x1024.jpg 938w, https:\/\/meripaivarinne.fi\/wp-content\/uploads\/2020\/09\/Meri_KatriinaHaikala_2019_2-275x300.jpg 275w, https:\/\/meripaivarinne.fi\/wp-content\/uploads\/2020\/09\/Meri_KatriinaHaikala_2019_2-768x838.jpg 768w, https:\/\/meripaivarinne.fi\/wp-content\/uploads\/2020\/09\/Meri_KatriinaHaikala_2019_2-1407x1536.jpg 1407w, https:\/\/meripaivarinne.fi\/wp-content\/uploads\/2020\/09\/Meri_KatriinaHaikala_2019_2-1877x2048.jpg 1877w, https:\/\/meripaivarinne.fi\/wp-content\/uploads\/2020\/09\/Meri_KatriinaHaikala_2019_2-1568x1711.jpg 1568w\" sizes=\"100vw\" \/>\t\t\t\t\t\t\t\t\t\t\t\t\t\t\t<\/div>\n\t\t\t\t<\/div>\n\t\t\t\t<div class=\"elementor-element elementor-element-a7fc4ce elementor-widget elementor-widget-text-editor\" data-id=\"a7fc4ce\" data-element_type=\"widget\" data-e-type=\"widget\" data-widget_type=\"text-editor.default\">\n\t\t\t\t<div class=\"elementor-widget-container\">\n\t\t\t\t\t\t\t\t\t<p><em>Photo 2019 (c) Katriina Haikala<\/em><\/p>\t\t\t\t\t\t\t\t<\/div>\n\t\t\t\t<\/div>\n\t\t\t\t\t<\/div>\n\t\t<\/div>\n\t\t\t\t\t<\/div>\n\t\t<\/section>\n\t\t\t\t<section class=\"elementor-section elementor-top-section elementor-element elementor-element-ef4624c elementor-section-boxed elementor-section-height-default elementor-section-height-default\" data-id=\"ef4624c\" data-element_type=\"section\" data-e-type=\"section\">\n\t\t\t\t\t\t<div class=\"elementor-container elementor-column-gap-default\">\n\t\t\t\t\t<div class=\"elementor-column elementor-col-100 elementor-top-column elementor-element elementor-element-a9ffb24\" data-id=\"a9ffb24\" data-element_type=\"column\" data-e-type=\"column\">\n\t\t\t<div class=\"elementor-widget-wrap elementor-element-populated\">\n\t\t\t\t\t\t<div class=\"elementor-element elementor-element-06c0d19 elementor-widget elementor-widget-text-editor\" data-id=\"06c0d19\" data-element_type=\"widget\" data-e-type=\"widget\" data-widget_type=\"text-editor.default\">\n\t\t\t\t<div class=\"elementor-widget-container\">\n\t\t\t\t\t\t\t\t\t<p>Auktorisoidut k\u00e4\u00e4nn\u00f6kset ranskasta suomeen: todistukset, asiakirjat, oikeuden p\u00e4\u00e4t\u00f6kset<\/p>\n<p><!-- \/wp:paragraph --><!-- wp:paragraph --><\/p>\n<p>Kansainv\u00e4lisen politiikan, kulttuurin, lakiasioiden ja humanististen tieteiden tekstit, ty\u00f6kielin\u00e4 ranska, suomi, englanti.<\/p>\n<p><!-- \/wp:paragraph --><!-- wp:paragraph --><\/p>\n<p><a href=\"mailto:meri@meripaivarinne.fi?subject=K%C3%A4%C3%A4nn%C3%B6starjous\">Pyyd\u00e4 tarjous!<\/a><\/p>\t\t\t\t\t\t\t\t<\/div>\n\t\t\t\t<\/div>\n\t\t\t\t\t<\/div>\n\t\t<\/div>\n\t\t\t\t\t<\/div>\n\t\t<\/section>\n\t\t\t\t<section class=\"elementor-section elementor-top-section elementor-element elementor-element-f9c994a elementor-section-boxed elementor-section-height-default elementor-section-height-default\" data-id=\"f9c994a\" data-element_type=\"section\" data-e-type=\"section\">\n\t\t\t\t\t\t<div class=\"elementor-container elementor-column-gap-default\">\n\t\t\t\t\t<div class=\"elementor-column elementor-col-100 elementor-top-column elementor-element elementor-element-f1b7d7d\" data-id=\"f1b7d7d\" data-element_type=\"column\" data-e-type=\"column\">\n\t\t\t<div class=\"elementor-widget-wrap elementor-element-populated\">\n\t\t\t\t\t\t<div class=\"elementor-element elementor-element-ff2fe17 e-grid-align-left elementor-shape-rounded elementor-grid-0 elementor-widget elementor-widget-social-icons\" data-id=\"ff2fe17\" data-element_type=\"widget\" data-e-type=\"widget\" data-widget_type=\"social-icons.default\">\n\t\t\t\t<div class=\"elementor-widget-container\">\n\t\t\t\t\t\t\t<div class=\"elementor-social-icons-wrapper elementor-grid\">\n\t\t\t\t\t\t\t<span class=\"elementor-grid-item\">\n\t\t\t\t\t<a class=\"elementor-icon elementor-social-icon elementor-social-icon-facebook elementor-repeater-item-de87710\" href=\"https:\/\/www.facebook.com\/K\u00e4\u00e4nn\u00f6spalvelu-Meri-P\u00e4iv\u00e4rinne-111756657618010\" target=\"_blank\">\n\t\t\t\t\t\t<span class=\"elementor-screen-only\">Facebook<\/span>\n\t\t\t\t\t\t<i aria-hidden=\"true\" class=\"fab fa-facebook\"><\/i>\t\t\t\t\t<\/a>\n\t\t\t\t<\/span>\n\t\t\t\t\t<\/div>\n\t\t\t\t\t\t<\/div>\n\t\t\t\t<\/div>\n\t\t\t\t\t<\/div>\n\t\t<\/div>\n\t\t\t\t\t<\/div>\n\t\t<\/section>\n\t\t\t\t<\/div>\n\t\t","protected":false},"excerpt":{"rendered":"<p>K\u00e4\u00e4nn\u00f6kset, oikoluku, tulkkaus Photo 2019 (c) Katriina Haikala Auktorisoidut k\u00e4\u00e4nn\u00f6kset ranskasta suomeen: todistukset, asiakirjat, oikeuden p\u00e4\u00e4t\u00f6kset Kansainv\u00e4lisen politiikan, kulttuurin, lakiasioiden ja humanististen tieteiden tekstit, ty\u00f6kielin\u00e4 ranska, suomi, englanti. Pyyd\u00e4 tarjous! Facebook<\/p>\n","protected":false},"author":1,"featured_media":0,"parent":0,"menu_order":0,"comment_status":"closed","ping_status":"open","template":"","meta":{"footnotes":""},"class_list":["post-2","page","type-page","status-publish","hentry"],"_links":{"self":[{"href":"https:\/\/meripaivarinne.fi\/index.php?rest_route=\/wp\/v2\/pages\/2","targetHints":{"allow":["GET"]}}],"collection":[{"href":"https:\/\/meripaivarinne.fi\/index.php?rest_route=\/wp\/v2\/pages"}],"about":[{"href":"https:\/\/meripaivarinne.fi\/index.php?rest_route=\/wp\/v2\/types\/page"}],"author":[{"embeddable":true,"href":"https:\/\/meripaivarinne.fi\/index.php?rest_route=\/wp\/v2\/users\/1"}],"replies":[{"embeddable":true,"href":"https:\/\/meripaivarinne.fi\/index.php?rest_route=%2Fwp%2Fv2%2Fcomments&post=2"}],"version-history":[{"count":11,"href":"https:\/\/meripaivarinne.fi\/index.php?rest_route=\/wp\/v2\/pages\/2\/revisions"}],"predecessor-version":[{"id":87,"href":"https:\/\/meripaivarinne.fi\/index.php?rest_route=\/wp\/v2\/pages\/2\/revisions\/87"}],"wp:attachment":[{"href":"https:\/\/meripaivarinne.fi\/index.php?rest_route=%2Fwp%2Fv2%2Fmedia&parent=2"}],"curies":[{"name":"wp","href":"https:\/\/api.w.org\/{rel}","templated":true}]}}