{"id":39,"date":"2020-09-10T07:28:32","date_gmt":"2020-09-10T07:28:32","guid":{"rendered":"https:\/\/meripaivarinne.fi\/?page_id=39"},"modified":"2020-09-10T07:28:32","modified_gmt":"2020-09-10T07:28:32","slug":"kokemus","status":"publish","type":"page","link":"https:\/\/meripaivarinne.fi\/?page_id=39","title":{"rendered":"Kokemus"},"content":{"rendered":"\n<p>Esimerkkej\u00e4 toimeksiannoista.<\/p>\n\n\n\n<p><strong>Jenni-Juulia Wallinheimo-Heimonen: Vision d\u2019un illusioniste<\/strong><\/p>\n\n\n\n<p>Kuvailutulkkauksen ranskannos lyhytelokuvaan.<\/p>\n\n\n\n<p><strong>Hyv\u00e4nmielenosoitus Goodwill Demonstration\u00a0\u00a0Manifestation pour l\u2019amiti\u00e9<\/strong><\/p>\n\n\n\n<p>Englannin- ja ranskankielinen viestint\u00e4 tapahtuman j\u00e4rjestelyiss\u00e4 2012 ja 2013.&nbsp;<a href=\"http:\/\/hyvanmielenosoitus.fi\/english\/welcome\">http:\/\/hyvanmielenosoitus.fi\/english\/welcome<\/a><\/p>\n\n\n\n<p><strong>Le monde diplomatique<\/strong><\/p>\n\n\n\n<p>Suomenkielisen Le monde diplomatiquen k\u00e4\u00e4nt\u00e4j\u00e4kuntaan olen kuulunut lehden koko historian ajan. Lehden aihepiiri on maailmanpoliittinen.&nbsp;<a href=\"http:\/\/mondediplo.fi\/\">http:\/\/mondediplo.fi<\/a><\/p>\n\n\n\n<p><strong>Timo Wright: Pallo<\/strong><\/p>\n\n\n\n<p>Ranskan- ja englanninkieliset tekstitykset katutaidetta k\u00e4sittelev\u00e4\u00e4n dokumenttiin.\u00a0<a href=\"http:\/\/www.francetv.fr\/defense-d-afficher\/fr\/#\/pallo\">http:\/\/www.francetv.fr\/defense-d-afficher\/fr\/#\/pallo<\/a><a href=\"http:\/\/www.francetv.fr\/defense-d-afficher\/en\/#\/pallo\"> <\/a><a href=\"http:\/\/www.francetv.fr\/defense-d-afficher\/en\/#\/pallo\">http:\/\/www.francetv.fr\/defense-d-afficher\/en\/#\/pallo<\/a><\/p>\n\n\n\n<p><strong>CIRKO Center<\/strong><\/p>\n\n\n\n<p>CIRKO-keskuksen esitetekstit ja sivustot englanniksi 2011.<\/p>\n\n\n\n<p><a href=\"http:\/\/cirko.fi\/en\/cirko-center\">http:\/\/cirko.fi\/en\/cirko-center<\/a><\/p>\n","protected":false},"excerpt":{"rendered":"<p>Esimerkkej\u00e4 toimeksiannoista. Jenni-Juulia Wallinheimo-Heimonen: Vision d\u2019un illusioniste Kuvailutulkkauksen ranskannos lyhytelokuvaan. Hyv\u00e4nmielenosoitus Goodwill Demonstration\u00a0\u00a0Manifestation pour l\u2019amiti\u00e9 Englannin- ja ranskankielinen viestint\u00e4 tapahtuman j\u00e4rjestelyiss\u00e4 2012 ja 2013.&nbsp;http:\/\/hyvanmielenosoitus.fi\/english\/welcome Le monde diplomatique Suomenkielisen Le monde diplomatiquen k\u00e4\u00e4nt\u00e4j\u00e4kuntaan olen kuulunut lehden koko historian ajan. Lehden aihepiiri on maailmanpoliittinen.&nbsp;http:\/\/mondediplo.fi Timo Wright: Pallo Ranskan- ja englanninkieliset tekstitykset katutaidetta k\u00e4sittelev\u00e4\u00e4n dokumenttiin.\u00a0http:\/\/www.francetv.fr\/defense-d-afficher\/fr\/#\/pallo http:\/\/www.francetv.fr\/defense-d-afficher\/en\/#\/pallo CIRKO Center &hellip; <\/p>\n<p class=\"link-more\"><a href=\"https:\/\/meripaivarinne.fi\/?page_id=39\" class=\"more-link\">Jatka lukemista<span class=\"screen-reader-text\"> &#8221;Kokemus&#8221;<\/span><\/a><\/p>\n","protected":false},"author":1,"featured_media":0,"parent":0,"menu_order":0,"comment_status":"closed","ping_status":"closed","template":"","meta":{"footnotes":""},"class_list":["post-39","page","type-page","status-publish","hentry"],"_links":{"self":[{"href":"https:\/\/meripaivarinne.fi\/index.php?rest_route=\/wp\/v2\/pages\/39","targetHints":{"allow":["GET"]}}],"collection":[{"href":"https:\/\/meripaivarinne.fi\/index.php?rest_route=\/wp\/v2\/pages"}],"about":[{"href":"https:\/\/meripaivarinne.fi\/index.php?rest_route=\/wp\/v2\/types\/page"}],"author":[{"embeddable":true,"href":"https:\/\/meripaivarinne.fi\/index.php?rest_route=\/wp\/v2\/users\/1"}],"replies":[{"embeddable":true,"href":"https:\/\/meripaivarinne.fi\/index.php?rest_route=%2Fwp%2Fv2%2Fcomments&post=39"}],"version-history":[{"count":1,"href":"https:\/\/meripaivarinne.fi\/index.php?rest_route=\/wp\/v2\/pages\/39\/revisions"}],"predecessor-version":[{"id":41,"href":"https:\/\/meripaivarinne.fi\/index.php?rest_route=\/wp\/v2\/pages\/39\/revisions\/41"}],"wp:attachment":[{"href":"https:\/\/meripaivarinne.fi\/index.php?rest_route=%2Fwp%2Fv2%2Fmedia&parent=39"}],"curies":[{"name":"wp","href":"https:\/\/api.w.org\/{rel}","templated":true}]}}