{"id":66,"date":"2021-03-07T09:52:38","date_gmt":"2021-03-07T09:52:38","guid":{"rendered":"https:\/\/meripaivarinne.fi\/?page_id=66"},"modified":"2021-03-23T19:26:06","modified_gmt":"2021-03-23T19:26:06","slug":"service-de-traduction","status":"publish","type":"page","link":"https:\/\/meripaivarinne.fi\/?page_id=66","title":{"rendered":"Meri P\u00e4iv\u00e4rinne traductions"},"content":{"rendered":"\t\t<div data-elementor-type=\"wp-page\" data-elementor-id=\"66\" class=\"elementor elementor-66\">\n\t\t\t\t\t\t<section class=\"elementor-section elementor-top-section elementor-element elementor-element-362b495d elementor-section-boxed elementor-section-height-default elementor-section-height-default\" data-id=\"362b495d\" data-element_type=\"section\" data-e-type=\"section\">\n\t\t\t\t\t\t<div class=\"elementor-container elementor-column-gap-default\">\n\t\t\t\t\t<div class=\"elementor-column elementor-col-100 elementor-top-column elementor-element elementor-element-2b45c87d\" data-id=\"2b45c87d\" data-element_type=\"column\" data-e-type=\"column\">\n\t\t\t<div class=\"elementor-widget-wrap elementor-element-populated\">\n\t\t\t\t\t\t<div class=\"elementor-element elementor-element-4178160 elementor-widget elementor-widget-heading\" data-id=\"4178160\" data-element_type=\"widget\" data-e-type=\"widget\" data-widget_type=\"heading.default\">\n\t\t\t\t<div class=\"elementor-widget-container\">\n\t\t\t\t\t<h2 class=\"elementor-heading-title elementor-size-default\">Traductrice, interpr\u00e8te<\/h2>\t\t\t\t<\/div>\n\t\t\t\t<\/div>\n\t\t\t\t\t<\/div>\n\t\t<\/div>\n\t\t\t\t\t<\/div>\n\t\t<\/section>\n\t\t\t\t<section class=\"elementor-section elementor-top-section elementor-element elementor-element-6344423 elementor-section-boxed elementor-section-height-default elementor-section-height-default\" data-id=\"6344423\" data-element_type=\"section\" data-e-type=\"section\">\n\t\t\t\t\t\t<div class=\"elementor-container elementor-column-gap-default\">\n\t\t\t\t\t<div class=\"elementor-column elementor-col-100 elementor-top-column elementor-element elementor-element-30e9dbb\" data-id=\"30e9dbb\" data-element_type=\"column\" data-e-type=\"column\">\n\t\t\t<div class=\"elementor-widget-wrap\">\n\t\t\t\t\t\t\t<\/div>\n\t\t<\/div>\n\t\t\t\t\t<\/div>\n\t\t<\/section>\n\t\t\t\t<section class=\"elementor-section elementor-top-section elementor-element elementor-element-dd54ef4 elementor-section-boxed elementor-section-height-default elementor-section-height-default\" data-id=\"dd54ef4\" data-element_type=\"section\" data-e-type=\"section\">\n\t\t\t\t\t\t<div class=\"elementor-container elementor-column-gap-default\">\n\t\t\t\t\t<div class=\"elementor-column elementor-col-100 elementor-top-column elementor-element elementor-element-f18dce3\" data-id=\"f18dce3\" data-element_type=\"column\" data-e-type=\"column\">\n\t\t\t<div class=\"elementor-widget-wrap elementor-element-populated\">\n\t\t\t\t\t\t<div class=\"elementor-element elementor-element-7121db3 elementor-widget elementor-widget-image\" data-id=\"7121db3\" data-element_type=\"widget\" data-e-type=\"widget\" data-widget_type=\"image.default\">\n\t\t\t\t<div class=\"elementor-widget-container\">\n\t\t\t\t\t\t\t\t\t\t\t\t\t\t\t<img fetchpriority=\"high\" decoding=\"async\" width=\"525\" height=\"573\" src=\"https:\/\/meripaivarinne.fi\/wp-content\/uploads\/2020\/09\/Meri_KatriinaHaikala_2019_2-938x1024.jpg\" class=\"attachment-large size-large wp-image-28\" alt=\"\" srcset=\"https:\/\/meripaivarinne.fi\/wp-content\/uploads\/2020\/09\/Meri_KatriinaHaikala_2019_2-938x1024.jpg 938w, https:\/\/meripaivarinne.fi\/wp-content\/uploads\/2020\/09\/Meri_KatriinaHaikala_2019_2-275x300.jpg 275w, https:\/\/meripaivarinne.fi\/wp-content\/uploads\/2020\/09\/Meri_KatriinaHaikala_2019_2-768x838.jpg 768w, https:\/\/meripaivarinne.fi\/wp-content\/uploads\/2020\/09\/Meri_KatriinaHaikala_2019_2-1407x1536.jpg 1407w, https:\/\/meripaivarinne.fi\/wp-content\/uploads\/2020\/09\/Meri_KatriinaHaikala_2019_2-1877x2048.jpg 1877w, https:\/\/meripaivarinne.fi\/wp-content\/uploads\/2020\/09\/Meri_KatriinaHaikala_2019_2-1568x1711.jpg 1568w\" sizes=\"100vw\" \/>\t\t\t\t\t\t\t\t\t\t\t\t\t\t\t<\/div>\n\t\t\t\t<\/div>\n\t\t\t\t<div class=\"elementor-element elementor-element-a7fc4ce elementor-widget elementor-widget-text-editor\" data-id=\"a7fc4ce\" data-element_type=\"widget\" data-e-type=\"widget\" data-widget_type=\"text-editor.default\">\n\t\t\t\t<div class=\"elementor-widget-container\">\n\t\t\t\t\t\t\t\t\t<p><em>Photo 2019 (c) Katriina Haikala<\/em><\/p>\t\t\t\t\t\t\t\t<\/div>\n\t\t\t\t<\/div>\n\t\t\t\t\t<\/div>\n\t\t<\/div>\n\t\t\t\t\t<\/div>\n\t\t<\/section>\n\t\t\t\t<section class=\"elementor-section elementor-top-section elementor-element elementor-element-ef4624c elementor-section-boxed elementor-section-height-default elementor-section-height-default\" data-id=\"ef4624c\" data-element_type=\"section\" data-e-type=\"section\">\n\t\t\t\t\t\t<div class=\"elementor-container elementor-column-gap-default\">\n\t\t\t\t\t<div class=\"elementor-column elementor-col-100 elementor-top-column elementor-element elementor-element-a9ffb24\" data-id=\"a9ffb24\" data-element_type=\"column\" data-e-type=\"column\">\n\t\t\t<div class=\"elementor-widget-wrap elementor-element-populated\">\n\t\t\t\t\t\t<div class=\"elementor-element elementor-element-06c0d19 elementor-widget elementor-widget-text-editor\" data-id=\"06c0d19\" data-element_type=\"widget\" data-e-type=\"widget\" data-widget_type=\"text-editor.default\">\n\t\t\t\t<div class=\"elementor-widget-container\">\n\t\t\t\t\t\t\t\t\t<p>Les traductions certifi\u00e9es du fran\u00e7ais vers le finnois : les documents officiels pour toutes vos d\u00e9marches administratives. Dipl\u00f4mes, attestations, jugements, etc.&nbsp;<\/p>\n<p><span style=\"color: var( --e-global-color-text ); font-family: var( --e-global-typography-text-font-family ), Sans-serif; font-size: 1rem;\">Traductrice exp\u00e9riment\u00e9e dans les textes traitant la politique internationale, la culture, la juridique, la m\u00e9decine, les sciences humaines. Langues de travail : fran\u00e7ais, finnois, anglais.<\/span><\/p>\n<p><!-- \/wp:paragraph --><!-- wp:paragraph --><\/p>\n<p><a href=\"mailto:meri@meripaivarinne.fi?subject=K%C3%A4%C3%A4nn%C3%B6starjous\">Demander un devis&nbsp;<\/a><\/p>\t\t\t\t\t\t\t\t<\/div>\n\t\t\t\t<\/div>\n\t\t\t\t\t<\/div>\n\t\t<\/div>\n\t\t\t\t\t<\/div>\n\t\t<\/section>\n\t\t\t\t<section class=\"elementor-section elementor-top-section elementor-element elementor-element-f9c994a elementor-section-boxed elementor-section-height-default elementor-section-height-default\" data-id=\"f9c994a\" data-element_type=\"section\" data-e-type=\"section\">\n\t\t\t\t\t\t<div class=\"elementor-container elementor-column-gap-default\">\n\t\t\t\t\t<div class=\"elementor-column elementor-col-100 elementor-top-column elementor-element elementor-element-f1b7d7d\" data-id=\"f1b7d7d\" data-element_type=\"column\" data-e-type=\"column\">\n\t\t\t<div class=\"elementor-widget-wrap\">\n\t\t\t\t\t\t\t<\/div>\n\t\t<\/div>\n\t\t\t\t\t<\/div>\n\t\t<\/section>\n\t\t\t\t<\/div>\n\t\t","protected":false},"excerpt":{"rendered":"<p>Traductrice, interpr\u00e8te Photo 2019 (c) Katriina Haikala Les traductions certifi\u00e9es du fran\u00e7ais vers le finnois : les documents officiels pour toutes vos d\u00e9marches administratives. Dipl\u00f4mes, attestations, jugements, etc.&nbsp; Traductrice exp\u00e9riment\u00e9e dans les textes traitant la politique internationale, la culture, la juridique, la m\u00e9decine, les sciences humaines. Langues de travail : fran\u00e7ais, finnois, anglais. Demander un &hellip; <\/p>\n<p class=\"link-more\"><a href=\"https:\/\/meripaivarinne.fi\/?page_id=66\" class=\"more-link\">Jatka lukemista<span class=\"screen-reader-text\"> &#8221;Meri P\u00e4iv\u00e4rinne traductions&#8221;<\/span><\/a><\/p>\n","protected":false},"author":1,"featured_media":0,"parent":0,"menu_order":0,"comment_status":"closed","ping_status":"closed","template":"","meta":{"footnotes":""},"class_list":["post-66","page","type-page","status-publish","hentry"],"_links":{"self":[{"href":"https:\/\/meripaivarinne.fi\/index.php?rest_route=\/wp\/v2\/pages\/66","targetHints":{"allow":["GET"]}}],"collection":[{"href":"https:\/\/meripaivarinne.fi\/index.php?rest_route=\/wp\/v2\/pages"}],"about":[{"href":"https:\/\/meripaivarinne.fi\/index.php?rest_route=\/wp\/v2\/types\/page"}],"author":[{"embeddable":true,"href":"https:\/\/meripaivarinne.fi\/index.php?rest_route=\/wp\/v2\/users\/1"}],"replies":[{"embeddable":true,"href":"https:\/\/meripaivarinne.fi\/index.php?rest_route=%2Fwp%2Fv2%2Fcomments&post=66"}],"version-history":[{"count":8,"href":"https:\/\/meripaivarinne.fi\/index.php?rest_route=\/wp\/v2\/pages\/66\/revisions"}],"predecessor-version":[{"id":121,"href":"https:\/\/meripaivarinne.fi\/index.php?rest_route=\/wp\/v2\/pages\/66\/revisions\/121"}],"wp:attachment":[{"href":"https:\/\/meripaivarinne.fi\/index.php?rest_route=%2Fwp%2Fv2%2Fmedia&parent=66"}],"curies":[{"name":"wp","href":"https:\/\/api.w.org\/{rel}","templated":true}]}}